{"id":10,"date":"2026-02-11T22:06:59","date_gmt":"2026-02-11T22:06:59","guid":{"rendered":"https:\/\/adilkhan-asie-solidarite.com\/?page_id=10"},"modified":"2026-02-14T15:39:31","modified_gmt":"2026-02-14T15:39:31","slug":"voyages","status":"publish","type":"page","link":"https:\/\/nomad-adilkhan.com\/index.php\/voyages\/","title":{"rendered":"Voyages"},"content":{"rendered":"<p>&nbsp;<\/p>\n<p class=\"featured\" style=\"text-align: center;\">Fort de notre exp\u00e9rience depuis 2001 nous proposons de mani\u00e8re intime et ponctuelle des s\u00e9jours aux long cours, \u00e0 cheval, en 4\u00d74 ou avec de la marche afin de partager avec vous et au plus proche du peuple nomade, l\u2019immensit\u00e9\u00a0 du pays mongol.<\/p>\n<style type=\"text\/css\">\n#foogallery-gallery-294.fg-justified .fg-item { margin-right: 2px; margin-bottom: 2px; }\n#foogallery-gallery-294.fg-justified .fg-image { height: 200px; }<\/style>\n\t\t\t<div class=\"foogallery foogallery-container foogallery-justified foogallery-lightbox-foogallery fg-justified fg-ready fg-light fg-shadow-outline fg-loading-default fg-loaded-fade-in fg-caption-always fg-hover-fade fg-hover-zoom2\" id=\"foogallery-gallery-294\" data-foogallery=\"{&quot;item&quot;:{&quot;showCaptionTitle&quot;:true,&quot;showCaptionDescription&quot;:false},&quot;lazy&quot;:true,&quot;template&quot;:{&quot;rowHeight&quot;:200,&quot;maxRowHeight&quot;:300,&quot;margins&quot;:2,&quot;align&quot;:&quot;center&quot;,&quot;lastRow&quot;:&quot;smart&quot;}}\" data-foogallery-lightbox=\"{&quot;thumbs&quot;:&quot;bottom&quot;,&quot;thumbsCaptions&quot;:false,&quot;thumbsBestFit&quot;:false,&quot;thumbsSmall&quot;:false,&quot;thumbsCaptionsAlign&quot;:&quot;default&quot;,&quot;info&quot;:&quot;bottom&quot;,&quot;infoVisible&quot;:true,&quot;infoOverlay&quot;:true,&quot;infoAlign&quot;:&quot;default&quot;,&quot;transition&quot;:&quot;fade&quot;,&quot;hoverButtons&quot;:false,&quot;fitMedia&quot;:false,&quot;noScrollbars&quot;:true,&quot;preserveButtonSpace&quot;:true,&quot;buttons&quot;:{&quot;fullscreen&quot;:true,&quot;info&quot;:true,&quot;thumbs&quot;:false},&quot;video&quot;:{&quot;autoPlay&quot;:true}}\" style=\"--fg-title-line-clamp: 1; --fg-description-line-clamp: 2;\" >\n\t<div class=\"fg-item fg-type-image fg-idle\"><figure class=\"fg-item-inner\"><a href=\"https:\/\/nomad-adilkhan.com\/wp-content\/uploads\/2026\/02\/SG203965-scaled.jpg\" data-attachment-id=\"295\" data-type=\"image\" class=\"fg-thumb\"><span class=\"fg-image-wrap\"><img fetchpriority=\"high\" decoding=\"async\" height=\"300\" width=\"451\" class=\"skip-lazy fg-image\" data-src-fg=\"https:\/\/nomad-adilkhan.com\/wp-content\/uploads\/cache\/2026\/02\/SG203965-scaled\/1035079648.jpg\" src=\"data:image\/svg+xml,%3Csvg%20xmlns%3D%22http%3A%2F%2Fwww.w3.org%2F2000%2Fsvg%22%20width%3D%22451%22%20height%3D%22300%22%20viewBox%3D%220%200%20451%20300%22%3E%3C%2Fsvg%3E\" loading=\"eager\"><\/span><span class=\"fg-image-overlay\"><\/span><\/a><\/figure><div class=\"fg-loader\"><\/div><\/div><div class=\"fg-item fg-type-image fg-idle\"><figure class=\"fg-item-inner\"><a href=\"https:\/\/nomad-adilkhan.com\/wp-content\/uploads\/2026\/02\/G204439-scaled.jpg\" data-attachment-id=\"296\" data-type=\"image\" class=\"fg-thumb\"><span class=\"fg-image-wrap\"><img decoding=\"async\" height=\"300\" width=\"451\" class=\"skip-lazy fg-image\" data-src-fg=\"https:\/\/nomad-adilkhan.com\/wp-content\/uploads\/cache\/2026\/02\/G204439-scaled\/3454017684.jpg\" src=\"data:image\/svg+xml,%3Csvg%20xmlns%3D%22http%3A%2F%2Fwww.w3.org%2F2000%2Fsvg%22%20width%3D%22451%22%20height%3D%22300%22%20viewBox%3D%220%200%20451%20300%22%3E%3C%2Fsvg%3E\" loading=\"eager\"><\/span><span class=\"fg-image-overlay\"><\/span><\/a><\/figure><div class=\"fg-loader\"><\/div><\/div><div class=\"fg-item fg-type-image fg-idle\"><figure class=\"fg-item-inner\"><a href=\"https:\/\/nomad-adilkhan.com\/wp-content\/uploads\/2026\/02\/SG204279-scaled.jpg\" data-attachment-id=\"297\" data-type=\"image\" class=\"fg-thumb\"><span class=\"fg-image-wrap\"><img decoding=\"async\" height=\"300\" width=\"451\" class=\"skip-lazy fg-image\" data-src-fg=\"https:\/\/nomad-adilkhan.com\/wp-content\/uploads\/cache\/2026\/02\/SG204279-scaled\/2696549779.jpg\" src=\"data:image\/svg+xml,%3Csvg%20xmlns%3D%22http%3A%2F%2Fwww.w3.org%2F2000%2Fsvg%22%20width%3D%22451%22%20height%3D%22300%22%20viewBox%3D%220%200%20451%20300%22%3E%3C%2Fsvg%3E\" loading=\"eager\"><\/span><span class=\"fg-image-overlay\"><\/span><\/a><\/figure><div class=\"fg-loader\"><\/div><\/div><\/div>\n\n<h3 style=\"text-align: center;\">Les prestations \u00e0 la carte<\/h3>\n<div class=\"fcenter feature1\"><span class=\"tarif\">Tarifs sur devis gratuit !<\/span><\/div>\n<div class=\"fcenter feature1\">Un ordre d\u2019id\u00e9e de tarification de base\u00a0 sur place tout compris: 100\u20ac\/JOUR\/PAR PERSONNE, cela peut varier suivant le nombre de personne, de la saison; de la dur\u00e9e et de l\u2019activit\u00e9 propos\u00e9e sur les parcours<\/div>\n<div class=\"fcenter feature1\"><a href=\"https:\/\/nomad-adilkhan.com\/index.php\/yourtes\/tarifs\/\">Cr\u00e9ez votre voyage<\/a><\/div>\n<div><\/div>\n<p>Il est possible d\u2019am\u00e9nager votre s\u00e9jour, en fonction de vos d\u00e9sirs et besoins, des circuits,<a href=\"https:\/\/nomad-adilkhan.com\/wp-content\/uploads\/2026\/02\/IMG_9461-scaled.jpg\"><img loading=\"lazy\" decoding=\"async\" class=\"size-medium wp-image-299 alignright\" src=\"https:\/\/nomad-adilkhan.com\/wp-content\/uploads\/2026\/02\/IMG_9461-300x224.jpg\" alt=\"\" width=\"300\" height=\"224\" srcset=\"https:\/\/nomad-adilkhan.com\/wp-content\/uploads\/2026\/02\/IMG_9461-300x224.jpg 300w, https:\/\/nomad-adilkhan.com\/wp-content\/uploads\/2026\/02\/IMG_9461-1024x765.jpg 1024w, https:\/\/nomad-adilkhan.com\/wp-content\/uploads\/2026\/02\/IMG_9461-768x574.jpg 768w, https:\/\/nomad-adilkhan.com\/wp-content\/uploads\/2026\/02\/IMG_9461-1536x1147.jpg 1536w, https:\/\/nomad-adilkhan.com\/wp-content\/uploads\/2026\/02\/IMG_9461-2048x1530.jpg 2048w\" sizes=\"auto, (max-width: 300px) 100vw, 300px\" \/><\/a>des voyages \u00ab libert\u00e9s \u00bb \u00e0 la campagne, ou sur la capitale pour vous permettre de d\u00e9couvrir la Mongolie \u00e0 votre guise, du \u00ab sur mesure \u00bb pourrait-on dire\u2026 Aussi pour des besoins professionnels, meeting, conf\u00e9rences, organisations de s\u00e9jours \u00e0 th\u00e8mes sp\u00e9cifiques, nos \u00e9quipes peuvent vous accompagner et vous servir une logistique appropri\u00e9e \u00e0 votre travail sur place en Mongolie (chauffeur, v\u00e9hicule, interpr\u00e8te, guide, cuisiniers, h\u00e9bergement etc\u2026).<\/p>\n<h4>NOS PRESTATIONS COMPRENNENT :<\/h4>\n<div class=\"csRow colwrap\">\n<div class=\"csColumn col\" style=\"margin: 0px; padding: 0px; float: left; width: 50.2%;\" data-csstartpoint=\"0\" data-csendpoint=\"482\" data-cswidth=\"50.2%\" data-csid=\"6e5882ff-d2fd-6050-982a-e8f3c0e01364\">\n<div><a href=\"https:\/\/nomad-adilkhan.com\/wp-content\/uploads\/2026\/02\/IMG_9161-scaled.jpg\"><img loading=\"lazy\" decoding=\"async\" class=\"size-medium wp-image-300 alignnone\" src=\"https:\/\/nomad-adilkhan.com\/wp-content\/uploads\/2026\/02\/IMG_9161-300x224.jpg\" alt=\"\" width=\"300\" height=\"224\" srcset=\"https:\/\/nomad-adilkhan.com\/wp-content\/uploads\/2026\/02\/IMG_9161-300x224.jpg 300w, https:\/\/nomad-adilkhan.com\/wp-content\/uploads\/2026\/02\/IMG_9161-1024x765.jpg 1024w, https:\/\/nomad-adilkhan.com\/wp-content\/uploads\/2026\/02\/IMG_9161-768x574.jpg 768w, https:\/\/nomad-adilkhan.com\/wp-content\/uploads\/2026\/02\/IMG_9161-1536x1147.jpg 1536w, https:\/\/nomad-adilkhan.com\/wp-content\/uploads\/2026\/02\/IMG_9161-2048x1530.jpg 2048w\" sizes=\"auto, (max-width: 300px) 100vw, 300px\" \/><\/a><\/div>\n<\/div>\n<div class=\"csColumnGap colgut\" style=\"margin: 0px; padding: 0px; float: left; width: 3.44%; text-align: left;\"><img decoding=\"async\" src=\"https:\/\/web.archive.org\/web\/20220313102252im_\/http:\/\/nomad-adilkhan.com\/wp-content\/plugins\/advanced-wp-columns\/assets\/js\/plugins\/views\/img\/1x1-pixel.png\" \/><\/div>\n<div class=\"\/csColumn col\" style=\"margin: 0px; padding: 0px; float: left; width: 46.4%; text-align: left;\" data-csstartpoint=\"515\" data-csendpoint=\"960\" data-cswidth=\"46.4%\" data-csid=\"9f629de5-4182-97da-b27c-5ea60ce9600d\">\n<ul>\n<li>Individuel, familial et groupe<\/li>\n<li>circuit Culturel, circuit \u201cd\u00e9couverte\u201d<\/li>\n<li>parcours 4X4,<\/li>\n<li>Randonn\u00e9e p\u00e9destre et \u00e9questre.<\/li>\n<li>TRANSFERT : A\u00e9roport, gare<\/li>\n<li>RESERVATION : H\u00f4tel, guest-house, yourte<\/li>\n<li>GUIDE-INTERPRETE : Francophone et anglophone et ou Chauffeur<\/li>\n<li>CUISINIER selon le nombre de personne<\/li>\n<li>BILLETS : Train, avion en Mongolie<\/li>\n<li>LOCATIONS : V\u00e9hicule 4\u00d74, chevaux, mat\u00e9riels de camping\u2026<\/li>\n<\/ul>\n<\/div>\n<div style=\"clear: both; float: none; display: block; visibility: hidden; width: 0px; font-size: 0px; line-height: 0; text-align: left;\"><\/div>\n<\/div>\n<h3>NOS PRESTATIONS NE COMPRENNENT PAS :<\/h3>\n<h3><a href=\"https:\/\/nomad-adilkhan.com\/wp-content\/uploads\/2026\/02\/SG203942-scaled.jpg\"><img loading=\"lazy\" decoding=\"async\" class=\"size-medium wp-image-301 alignright\" src=\"https:\/\/nomad-adilkhan.com\/wp-content\/uploads\/2026\/02\/SG203942-300x199.jpg\" alt=\"\" width=\"300\" height=\"199\" srcset=\"https:\/\/nomad-adilkhan.com\/wp-content\/uploads\/2026\/02\/SG203942-300x199.jpg 300w, https:\/\/nomad-adilkhan.com\/wp-content\/uploads\/2026\/02\/SG203942-1024x680.jpg 1024w, https:\/\/nomad-adilkhan.com\/wp-content\/uploads\/2026\/02\/SG203942-768x510.jpg 768w, https:\/\/nomad-adilkhan.com\/wp-content\/uploads\/2026\/02\/SG203942-1536x1020.jpg 1536w, https:\/\/nomad-adilkhan.com\/wp-content\/uploads\/2026\/02\/SG203942-2048x1361.jpg 2048w\" sizes=\"auto, (max-width: 300px) 100vw, 300px\" \/><\/a><\/h3>\n<ul>\n<li style=\"list-style-type: none;\">\n<ul>\n<li>LE PRIX DU VOL INTERNATIONAL VERS OULAN BATOR CAPITALE DE LA MONGOLIE<\/li>\n<li>LE PRIX VISA A FAIRE A\u2019VANT VOTRE DEPART AUPRES DE L\u2019AMBASSADE DE MONGOLIE DE VOTRE PAYS DE DEPART<\/li>\n<li>L\u2019ASSURANCE ANNULATION RAPATRIEMENT A CONTRACTER AVANT VOTRE DEPART<\/li>\n<li>LES FRAIS PERSONNELS RESTAURANT ET BOISSON EN SUS DE NOS PRESTATIONS<code class=\"rl-shortcode\"><br \/>\n<\/code><\/li>\n<\/ul>\n<\/li>\n<\/ul>\n<p>&nbsp;<\/p>\n<p>&nbsp;<\/p>\n<style type=\"text\/css\">\n#foogallery-gallery-302 .fg-image { width: 270px; }\n#foogallery-gallery-302 { --fg-gutter: 20px; }<\/style>\n\t\t\t<div class=\"foogallery foogallery-container foogallery-default foogallery-lightbox-foogallery fg-center fg-default fg-ready fg-light fg-shadow-small fg-loading-default fg-loaded-fade-in fg-preset fg-brad fg-preset-small fg-preset fg-brad fg-preset-small\" id=\"foogallery-gallery-302\" data-foogallery=\"{&quot;item&quot;:{&quot;showCaptionTitle&quot;:true,&quot;showCaptionDescription&quot;:true},&quot;lazy&quot;:true}\" data-foogallery-lightbox=\"{&quot;thumbs&quot;:&quot;bottom&quot;,&quot;thumbsCaptions&quot;:false,&quot;thumbsBestFit&quot;:false,&quot;thumbsSmall&quot;:false,&quot;thumbsCaptionsAlign&quot;:&quot;default&quot;,&quot;info&quot;:&quot;bottom&quot;,&quot;infoVisible&quot;:true,&quot;infoOverlay&quot;:true,&quot;infoAlign&quot;:&quot;default&quot;,&quot;transition&quot;:&quot;fade&quot;,&quot;hoverButtons&quot;:false,&quot;fitMedia&quot;:false,&quot;noScrollbars&quot;:true,&quot;preserveButtonSpace&quot;:true,&quot;buttons&quot;:{&quot;fullscreen&quot;:true,&quot;info&quot;:true,&quot;thumbs&quot;:false},&quot;video&quot;:{&quot;autoPlay&quot;:true}}\" style=\"--fg-title-line-clamp: 1; --fg-description-line-clamp: 2;\" >\n\t<div class=\"fg-item fg-type-image fg-idle\"><figure class=\"fg-item-inner\"><a href=\"https:\/\/nomad-adilkhan.com\/wp-content\/uploads\/2026\/02\/G204944-scaled.jpg\" data-attachment-id=\"303\" data-type=\"image\" class=\"fg-thumb\"><span class=\"fg-image-wrap\"><img decoding=\"async\" width=\"270\" height=\"230\" class=\"skip-lazy fg-image\" data-src-fg=\"https:\/\/nomad-adilkhan.com\/wp-content\/uploads\/cache\/2026\/02\/G204944-scaled\/4226677626.jpg\" src=\"data:image\/svg+xml,%3Csvg%20xmlns%3D%22http%3A%2F%2Fwww.w3.org%2F2000%2Fsvg%22%20width%3D%22270%22%20height%3D%22230%22%20viewBox%3D%220%200%20270%20230%22%3E%3C%2Fsvg%3E\" loading=\"eager\"><\/span><span class=\"fg-image-overlay\"><\/span><\/a><\/figure><div class=\"fg-loader\"><\/div><\/div><div class=\"fg-item fg-type-image fg-idle\"><figure class=\"fg-item-inner\"><a href=\"https:\/\/nomad-adilkhan.com\/wp-content\/uploads\/2026\/02\/SG204279-1-scaled.jpg\" data-attachment-id=\"304\" data-type=\"image\" class=\"fg-thumb\"><span class=\"fg-image-wrap\"><img decoding=\"async\" width=\"270\" height=\"230\" class=\"skip-lazy fg-image\" data-src-fg=\"https:\/\/nomad-adilkhan.com\/wp-content\/uploads\/cache\/2026\/02\/SG204279-1-scaled\/510164525.jpg\" src=\"data:image\/svg+xml,%3Csvg%20xmlns%3D%22http%3A%2F%2Fwww.w3.org%2F2000%2Fsvg%22%20width%3D%22270%22%20height%3D%22230%22%20viewBox%3D%220%200%20270%20230%22%3E%3C%2Fsvg%3E\" loading=\"eager\"><\/span><span class=\"fg-image-overlay\"><\/span><\/a><\/figure><div class=\"fg-loader\"><\/div><\/div><div class=\"fg-item fg-type-image fg-idle\"><figure class=\"fg-item-inner\"><a href=\"https:\/\/nomad-adilkhan.com\/wp-content\/uploads\/2026\/02\/SG204234-scaled.jpg\" data-attachment-id=\"305\" data-type=\"image\" class=\"fg-thumb\"><span class=\"fg-image-wrap\"><img decoding=\"async\" width=\"270\" height=\"230\" class=\"skip-lazy fg-image\" data-src-fg=\"https:\/\/nomad-adilkhan.com\/wp-content\/uploads\/cache\/2026\/02\/SG204234-scaled\/1647952625.jpg\" src=\"data:image\/svg+xml,%3Csvg%20xmlns%3D%22http%3A%2F%2Fwww.w3.org%2F2000%2Fsvg%22%20width%3D%22270%22%20height%3D%22230%22%20viewBox%3D%220%200%20270%20230%22%3E%3C%2Fsvg%3E\" loading=\"eager\"><\/span><span class=\"fg-image-overlay\"><\/span><\/a><\/figure><div class=\"fg-loader\"><\/div><\/div><div class=\"fg-item fg-type-image fg-idle\"><figure class=\"fg-item-inner\"><a href=\"https:\/\/nomad-adilkhan.com\/wp-content\/uploads\/2026\/02\/SG204113-scaled.jpg\" data-attachment-id=\"306\" data-type=\"image\" class=\"fg-thumb\"><span class=\"fg-image-wrap\"><img decoding=\"async\" width=\"270\" height=\"230\" class=\"skip-lazy fg-image\" data-src-fg=\"https:\/\/nomad-adilkhan.com\/wp-content\/uploads\/cache\/2026\/02\/SG204113-scaled\/506138952.jpg\" src=\"data:image\/svg+xml,%3Csvg%20xmlns%3D%22http%3A%2F%2Fwww.w3.org%2F2000%2Fsvg%22%20width%3D%22270%22%20height%3D%22230%22%20viewBox%3D%220%200%20270%20230%22%3E%3C%2Fsvg%3E\" loading=\"eager\"><\/span><span class=\"fg-image-overlay\"><\/span><\/a><\/figure><div class=\"fg-loader\"><\/div><\/div><div class=\"fg-item fg-type-image fg-idle\"><figure class=\"fg-item-inner\"><a href=\"https:\/\/nomad-adilkhan.com\/wp-content\/uploads\/2026\/02\/SG204054-scaled.jpg\" data-attachment-id=\"307\" data-type=\"image\" class=\"fg-thumb\"><span class=\"fg-image-wrap\"><img decoding=\"async\" width=\"270\" height=\"230\" class=\"skip-lazy fg-image\" data-src-fg=\"https:\/\/nomad-adilkhan.com\/wp-content\/uploads\/cache\/2026\/02\/SG204054-scaled\/3349481386.jpg\" src=\"data:image\/svg+xml,%3Csvg%20xmlns%3D%22http%3A%2F%2Fwww.w3.org%2F2000%2Fsvg%22%20width%3D%22270%22%20height%3D%22230%22%20viewBox%3D%220%200%20270%20230%22%3E%3C%2Fsvg%3E\" loading=\"eager\"><\/span><span class=\"fg-image-overlay\"><\/span><\/a><\/figure><div class=\"fg-loader\"><\/div><\/div><div class=\"fg-item fg-type-image fg-idle\"><figure class=\"fg-item-inner\"><a href=\"https:\/\/nomad-adilkhan.com\/wp-content\/uploads\/2026\/02\/SG204030-scaled.jpg\" data-attachment-id=\"308\" data-type=\"image\" class=\"fg-thumb\"><span class=\"fg-image-wrap\"><img decoding=\"async\" width=\"270\" height=\"230\" class=\"skip-lazy fg-image\" data-src-fg=\"https:\/\/nomad-adilkhan.com\/wp-content\/uploads\/cache\/2026\/02\/SG204030-scaled\/3787923577.jpg\" src=\"data:image\/svg+xml,%3Csvg%20xmlns%3D%22http%3A%2F%2Fwww.w3.org%2F2000%2Fsvg%22%20width%3D%22270%22%20height%3D%22230%22%20viewBox%3D%220%200%20270%20230%22%3E%3C%2Fsvg%3E\" loading=\"eager\"><\/span><span class=\"fg-image-overlay\"><\/span><\/a><\/figure><div class=\"fg-loader\"><\/div><\/div><div class=\"fg-item fg-type-image fg-idle\"><figure class=\"fg-item-inner\"><a href=\"https:\/\/nomad-adilkhan.com\/wp-content\/uploads\/2026\/02\/SG204029-scaled.jpg\" data-attachment-id=\"309\" data-type=\"image\" class=\"fg-thumb\"><span class=\"fg-image-wrap\"><img decoding=\"async\" width=\"270\" height=\"230\" class=\"skip-lazy fg-image\" data-src-fg=\"https:\/\/nomad-adilkhan.com\/wp-content\/uploads\/cache\/2026\/02\/SG204029-scaled\/684013755.jpg\" src=\"data:image\/svg+xml,%3Csvg%20xmlns%3D%22http%3A%2F%2Fwww.w3.org%2F2000%2Fsvg%22%20width%3D%22270%22%20height%3D%22230%22%20viewBox%3D%220%200%20270%20230%22%3E%3C%2Fsvg%3E\" loading=\"eager\"><\/span><span class=\"fg-image-overlay\"><\/span><\/a><\/figure><div class=\"fg-loader\"><\/div><\/div><div class=\"fg-item fg-type-image fg-idle\"><figure class=\"fg-item-inner\"><a href=\"https:\/\/nomad-adilkhan.com\/wp-content\/uploads\/2026\/02\/SG203965-1-scaled.jpg\" data-attachment-id=\"310\" data-type=\"image\" class=\"fg-thumb\"><span class=\"fg-image-wrap\"><img decoding=\"async\" width=\"270\" height=\"230\" class=\"skip-lazy fg-image\" data-src-fg=\"https:\/\/nomad-adilkhan.com\/wp-content\/uploads\/cache\/2026\/02\/SG203965-1-scaled\/3022840532.jpg\" src=\"data:image\/svg+xml,%3Csvg%20xmlns%3D%22http%3A%2F%2Fwww.w3.org%2F2000%2Fsvg%22%20width%3D%22270%22%20height%3D%22230%22%20viewBox%3D%220%200%20270%20230%22%3E%3C%2Fsvg%3E\" loading=\"eager\"><\/span><span class=\"fg-image-overlay\"><\/span><\/a><\/figure><div class=\"fg-loader\"><\/div><\/div><div class=\"fg-item fg-type-image fg-idle\"><figure class=\"fg-item-inner\"><a href=\"https:\/\/nomad-adilkhan.com\/wp-content\/uploads\/2026\/02\/G204439-1-scaled.jpg\" data-attachment-id=\"311\" data-type=\"image\" class=\"fg-thumb\"><span class=\"fg-image-wrap\"><img decoding=\"async\" width=\"270\" height=\"230\" class=\"skip-lazy fg-image\" data-src-fg=\"https:\/\/nomad-adilkhan.com\/wp-content\/uploads\/cache\/2026\/02\/G204439-1-scaled\/741066436.jpg\" src=\"data:image\/svg+xml,%3Csvg%20xmlns%3D%22http%3A%2F%2Fwww.w3.org%2F2000%2Fsvg%22%20width%3D%22270%22%20height%3D%22230%22%20viewBox%3D%220%200%20270%20230%22%3E%3C%2Fsvg%3E\" loading=\"eager\"><\/span><span class=\"fg-image-overlay\"><\/span><\/a><\/figure><div class=\"fg-loader\"><\/div><\/div><div class=\"fg-item fg-type-image fg-idle\"><figure class=\"fg-item-inner\"><a href=\"https:\/\/nomad-adilkhan.com\/wp-content\/uploads\/2026\/02\/SG203942-1-scaled.jpg\" data-attachment-id=\"312\" data-type=\"image\" class=\"fg-thumb\"><span class=\"fg-image-wrap\"><img decoding=\"async\" width=\"270\" height=\"230\" class=\"skip-lazy fg-image\" data-src-fg=\"https:\/\/nomad-adilkhan.com\/wp-content\/uploads\/cache\/2026\/02\/SG203942-1-scaled\/1508071508.jpg\" src=\"data:image\/svg+xml,%3Csvg%20xmlns%3D%22http%3A%2F%2Fwww.w3.org%2F2000%2Fsvg%22%20width%3D%22270%22%20height%3D%22230%22%20viewBox%3D%220%200%20270%20230%22%3E%3C%2Fsvg%3E\" loading=\"eager\"><\/span><span class=\"fg-image-overlay\"><\/span><\/a><\/figure><div class=\"fg-loader\"><\/div><\/div><div class=\"fg-item fg-type-image fg-idle\"><figure class=\"fg-item-inner\"><a href=\"https:\/\/nomad-adilkhan.com\/wp-content\/uploads\/2026\/02\/IMG_9161-1-scaled.jpg\" data-attachment-id=\"313\" data-type=\"image\" class=\"fg-thumb\"><span class=\"fg-image-wrap\"><img decoding=\"async\" width=\"270\" height=\"230\" class=\"skip-lazy fg-image\" data-src-fg=\"https:\/\/nomad-adilkhan.com\/wp-content\/uploads\/cache\/2026\/02\/IMG_9161-1-scaled\/599586701.jpg\" src=\"data:image\/svg+xml,%3Csvg%20xmlns%3D%22http%3A%2F%2Fwww.w3.org%2F2000%2Fsvg%22%20width%3D%22270%22%20height%3D%22230%22%20viewBox%3D%220%200%20270%20230%22%3E%3C%2Fsvg%3E\" loading=\"eager\"><\/span><span class=\"fg-image-overlay\"><\/span><\/a><\/figure><div class=\"fg-loader\"><\/div><\/div><div class=\"fg-item fg-type-image fg-idle\"><figure class=\"fg-item-inner\"><a href=\"https:\/\/nomad-adilkhan.com\/wp-content\/uploads\/2026\/02\/IMG_9461-1-scaled.jpg\" data-attachment-id=\"314\" data-type=\"image\" class=\"fg-thumb\"><span class=\"fg-image-wrap\"><img decoding=\"async\" width=\"270\" height=\"230\" class=\"skip-lazy fg-image\" data-src-fg=\"https:\/\/nomad-adilkhan.com\/wp-content\/uploads\/cache\/2026\/02\/IMG_9461-1-scaled\/4221132042.jpg\" src=\"data:image\/svg+xml,%3Csvg%20xmlns%3D%22http%3A%2F%2Fwww.w3.org%2F2000%2Fsvg%22%20width%3D%22270%22%20height%3D%22230%22%20viewBox%3D%220%200%20270%20230%22%3E%3C%2Fsvg%3E\" loading=\"eager\"><\/span><span class=\"fg-image-overlay\"><\/span><\/a><\/figure><div class=\"fg-loader\"><\/div><\/div><div class=\"fg-item fg-type-image fg-idle\"><figure class=\"fg-item-inner\"><a href=\"https:\/\/nomad-adilkhan.com\/wp-content\/uploads\/2026\/02\/IMG_9260.jpg\" data-attachment-id=\"315\" data-type=\"image\" class=\"fg-thumb\"><span class=\"fg-image-wrap\"><img decoding=\"async\" width=\"270\" height=\"230\" class=\"skip-lazy fg-image\" data-src-fg=\"https:\/\/nomad-adilkhan.com\/wp-content\/uploads\/cache\/2026\/02\/IMG_9260\/1127720887.jpg\" src=\"data:image\/svg+xml,%3Csvg%20xmlns%3D%22http%3A%2F%2Fwww.w3.org%2F2000%2Fsvg%22%20width%3D%22270%22%20height%3D%22230%22%20viewBox%3D%220%200%20270%20230%22%3E%3C%2Fsvg%3E\" loading=\"eager\"><\/span><span class=\"fg-image-overlay\"><\/span><\/a><\/figure><div class=\"fg-loader\"><\/div><\/div><div class=\"fg-item fg-type-image fg-idle\"><figure class=\"fg-item-inner\"><a href=\"https:\/\/nomad-adilkhan.com\/wp-content\/uploads\/2026\/02\/IMG_9063-scaled.jpg\" data-attachment-id=\"316\" data-type=\"image\" class=\"fg-thumb\"><span class=\"fg-image-wrap\"><img decoding=\"async\" width=\"270\" height=\"230\" class=\"skip-lazy fg-image\" data-src-fg=\"https:\/\/nomad-adilkhan.com\/wp-content\/uploads\/cache\/2026\/02\/IMG_9063-scaled\/2334696339.jpg\" src=\"data:image\/svg+xml,%3Csvg%20xmlns%3D%22http%3A%2F%2Fwww.w3.org%2F2000%2Fsvg%22%20width%3D%22270%22%20height%3D%22230%22%20viewBox%3D%220%200%20270%20230%22%3E%3C%2Fsvg%3E\" loading=\"eager\"><\/span><span class=\"fg-image-overlay\"><\/span><\/a><\/figure><div class=\"fg-loader\"><\/div><\/div><div class=\"fg-item fg-type-image fg-idle\"><figure class=\"fg-item-inner\"><a href=\"https:\/\/nomad-adilkhan.com\/wp-content\/uploads\/2026\/02\/IMG_20171205_130650-scaled.jpg\" data-attachment-id=\"317\" data-type=\"image\" class=\"fg-thumb\"><span class=\"fg-image-wrap\"><img decoding=\"async\" width=\"270\" height=\"230\" class=\"skip-lazy fg-image\" data-src-fg=\"https:\/\/nomad-adilkhan.com\/wp-content\/uploads\/cache\/2026\/02\/IMG_20171205_130650-scaled\/3139162702.jpg\" src=\"data:image\/svg+xml,%3Csvg%20xmlns%3D%22http%3A%2F%2Fwww.w3.org%2F2000%2Fsvg%22%20width%3D%22270%22%20height%3D%22230%22%20viewBox%3D%220%200%20270%20230%22%3E%3C%2Fsvg%3E\" loading=\"eager\"><\/span><span class=\"fg-image-overlay\"><\/span><\/a><\/figure><div class=\"fg-loader\"><\/div><\/div><\/div>\n\n","protected":false},"excerpt":{"rendered":"<p>&nbsp; Fort de notre exp\u00e9rience depuis 2001 nous proposons de mani\u00e8re intime et ponctuelle des s\u00e9jours aux long cours, \u00e0 cheval, en 4\u00d74 ou avec de la marche afin de partager avec vous et au plus proche du peuple nomade, l\u2019immensit\u00e9\u00a0 du pays mongol. Les prestations \u00e0 la carte Tarifs sur devis gratuit ! Un &hellip; <a href=\"https:\/\/nomad-adilkhan.com\/index.php\/voyages\/\" class=\"more-link\">Continuer la lecture de <span class=\"screen-reader-text\">Voyages<\/span> <span class=\"meta-nav\">&rarr;<\/span><\/a><\/p>\n","protected":false},"author":1,"featured_media":18,"parent":0,"menu_order":7,"comment_status":"closed","ping_status":"closed","template":"","meta":{"_crdt_document":"","footnotes":""},"class_list":["post-10","page","type-page","status-publish","has-post-thumbnail","hentry"],"_links":{"self":[{"href":"https:\/\/nomad-adilkhan.com\/index.php\/wp-json\/wp\/v2\/pages\/10","targetHints":{"allow":["GET"]}}],"collection":[{"href":"https:\/\/nomad-adilkhan.com\/index.php\/wp-json\/wp\/v2\/pages"}],"about":[{"href":"https:\/\/nomad-adilkhan.com\/index.php\/wp-json\/wp\/v2\/types\/page"}],"author":[{"embeddable":true,"href":"https:\/\/nomad-adilkhan.com\/index.php\/wp-json\/wp\/v2\/users\/1"}],"replies":[{"embeddable":true,"href":"https:\/\/nomad-adilkhan.com\/index.php\/wp-json\/wp\/v2\/comments?post=10"}],"version-history":[{"count":7,"href":"https:\/\/nomad-adilkhan.com\/index.php\/wp-json\/wp\/v2\/pages\/10\/revisions"}],"predecessor-version":[{"id":351,"href":"https:\/\/nomad-adilkhan.com\/index.php\/wp-json\/wp\/v2\/pages\/10\/revisions\/351"}],"wp:featuredmedia":[{"embeddable":true,"href":"https:\/\/nomad-adilkhan.com\/index.php\/wp-json\/wp\/v2\/media\/18"}],"wp:attachment":[{"href":"https:\/\/nomad-adilkhan.com\/index.php\/wp-json\/wp\/v2\/media?parent=10"}],"curies":[{"name":"wp","href":"https:\/\/api.w.org\/{rel}","templated":true}]}}