{"id":16,"date":"2026-02-11T22:22:17","date_gmt":"2026-02-11T22:22:17","guid":{"rendered":"https:\/\/adilkhan-asie-solidarite.com\/?page_id=16"},"modified":"2026-04-24T09:13:50","modified_gmt":"2026-04-24T09:13:50","slug":"accueil","status":"publish","type":"page","link":"https:\/\/nomad-adilkhan.com\/","title":{"rendered":""},"content":{"rendered":"<h2 style=\"text-align: center;\">Bienvenue sur le site<\/h2>\n<h2 style=\"text-align: center;\">NOMAD-ADILKHAN<\/h2>\n<div class=\"csRow colwrap\" style=\"text-align: center;\">\n<div class=\"csColumnGap colgut\" style=\"margin: 0px; padding: 0px; float: left; width: 1.56%;\"><img decoding=\"async\" src=\"https:\/\/nomad-adilkhan.com\/wp-content\/plugins\/advanced-wp-columns\/assets\/js\/plugins\/views\/img\/1x1-pixel.png\" \/><\/div>\n<div class=\"csColumn col yourte\" style=\"margin: 0px; padding: 0px; float: left; width: 31.3%;\" data-csstartpoint=\"15\" data-csendpoint=\"315\" data-cswidth=\"31.3%\" data-csid=\"49dba0af-1260-ddd8-a6db-78ea7d20f68e\" onclick=\"location.href='https:\/\/nomad-adilkhan.com\/index.php\/yourtes\/';\">\n<h2 style=\"text-align: center;\"><strong>Yourtes<\/strong><\/h2>\n<p>Nous contruisons et restaurons des yourtes traditionnelles et contemporaine.<\/p>\n<p style=\"text-align: center;\"><a href=\"https:\/\/nomad-adilkhan.com\/index.php\/yourtes\/\">Plus de d\u00e9tails<\/a><\/p>\n<\/div>\n<div class=\"csColumnGap colgut\" style=\"margin: 0px; padding: 0px; float: left; width: 1.56%;\"><img decoding=\"async\" src=\"https:\/\/nomad-adilkhan.com\/wp-content\/plugins\/advanced-wp-columns\/assets\/js\/plugins\/views\/img\/1x1-pixel.png\" \/><\/div>\n<div class=\"csColumn col voyage\" style=\"margin: 0px; padding: 0px; float: left; width: 31.3%;\" data-csstartpoint=\"330\" data-csendpoint=\"630\" data-cswidth=\"31.3%\" data-csid=\"826426b7-9712-4fd7-9f57-c6ccd252d369\" onclick=\"location.href='https:\/\/nomad-adilkhan.com\/index.php\/voyages\/';\">\n<h2 style=\"text-align: center;\"><strong>Voyages<\/strong><\/h2>\n<p>A la carte, votre voyage au plus pr\u00e8s du pays.<br \/>\nMongolie nous arrivons !<\/p>\n<p style=\"text-align: center;\"><a href=\"https:\/\/nomad-adilkhan.com\/index.php\/voyages\/\">Plus de d\u00e9tails<\/a><\/p>\n<\/div>\n<div class=\"csColumnGap colgut\" style=\"margin: 0px; padding: 0px; float: left; width: 1.56%;\"><img decoding=\"async\" src=\"https:\/\/nomad-adilkhan.com\/wp-content\/plugins\/advanced-wp-columns\/assets\/js\/plugins\/views\/img\/1x1-pixel.png\" \/><\/div>\n<div class=\"csColumn col artisanat\" style=\"margin: 0px; padding: 0px; float: left; width: 31.3%;\" data-csstartpoint=\"645\" data-csendpoint=\"945\" data-cswidth=\"31.3%\" data-csid=\"50e95ffe-62ad-9948-8960-48c3ccf44c70\" onclick=\"location.href='https:\/\/nomad-adilkhan.com\/index.php\/artisanats\/';\">\n<h2 style=\"text-align: center;\"><strong>Artisanats<\/strong><\/h2>\n<p>De la laine de chameau au sac brod\u00e9,<br \/> un choix vari\u00e9 de la Mongolie et du N\u00e9pal.<\/p>\n<p style=\"text-align: center;\"><a href=\"https:\/\/nomad-adilkhan.com\/index.php\/artisanats\/\">Plus de d\u00e9tails<\/a><\/p>\n<\/div>\n<div class=\"csColumnGap colgut\" style=\"margin: 0px; padding: 0px; float: left; width: 1.56%;\"><img decoding=\"async\" src=\"https:\/\/nomad-adilkhan.com\/wp-content\/plugins\/advanced-wp-columns\/assets\/js\/plugins\/views\/img\/1x1-pixel.png\" \/><\/div>\n<div style=\"clear: both; float: none; display: block; visibility: hidden; width: 0px; font-size: 0px; line-height: 0;\"><\/div>\n<\/div>\n<div style=\"clear: both; float: none; display: block; visibility: hidden; width: 0px; font-size: 0px; line-height: 0;\"><\/div>\n\n\n<p class=\"wp-block-paragraph\"><\/p>\n","protected":false},"excerpt":{"rendered":"<p>Bienvenue sur le site NOMAD-ADILKHAN Yourtes Nous contruisons et restaurons des yourtes traditionnelles et contemporaine. Plus de d\u00e9tails Voyages A la carte, votre voyage au plus pr\u00e8s du pays. Mongolie nous arrivons ! Plus de d\u00e9tails Artisanats De la laine de chameau au sac brod\u00e9, un choix vari\u00e9 de la Mongolie et du N\u00e9pal. Plus &hellip; <a href=\"https:\/\/nomad-adilkhan.com\/\" class=\"more-link\">Continuer la lecture de <span class=\"screen-reader-text\"><\/span> <span class=\"meta-nav\">&rarr;<\/span><\/a><\/p>\n","protected":false},"author":1,"featured_media":7,"parent":0,"menu_order":2,"comment_status":"closed","ping_status":"closed","template":"","meta":{"_crdt_document":"","footnotes":""},"class_list":["post-16","page","type-page","status-publish","has-post-thumbnail","hentry"],"_links":{"self":[{"href":"https:\/\/nomad-adilkhan.com\/index.php\/wp-json\/wp\/v2\/pages\/16","targetHints":{"allow":["GET"]}}],"collection":[{"href":"https:\/\/nomad-adilkhan.com\/index.php\/wp-json\/wp\/v2\/pages"}],"about":[{"href":"https:\/\/nomad-adilkhan.com\/index.php\/wp-json\/wp\/v2\/types\/page"}],"author":[{"embeddable":true,"href":"https:\/\/nomad-adilkhan.com\/index.php\/wp-json\/wp\/v2\/users\/1"}],"replies":[{"embeddable":true,"href":"https:\/\/nomad-adilkhan.com\/index.php\/wp-json\/wp\/v2\/comments?post=16"}],"version-history":[{"count":22,"href":"https:\/\/nomad-adilkhan.com\/index.php\/wp-json\/wp\/v2\/pages\/16\/revisions"}],"predecessor-version":[{"id":467,"href":"https:\/\/nomad-adilkhan.com\/index.php\/wp-json\/wp\/v2\/pages\/16\/revisions\/467"}],"wp:featuredmedia":[{"embeddable":true,"href":"https:\/\/nomad-adilkhan.com\/index.php\/wp-json\/wp\/v2\/media\/7"}],"wp:attachment":[{"href":"https:\/\/nomad-adilkhan.com\/index.php\/wp-json\/wp\/v2\/media?parent=16"}],"curies":[{"name":"wp","href":"https:\/\/api.w.org\/{rel}","templated":true}]}}