{"id":2,"date":"2026-02-11T15:10:44","date_gmt":"2026-02-11T15:10:44","guid":{"rendered":"http:\/\/adilkhan-asie-solidarite.com\/?page_id=2"},"modified":"2026-02-14T15:06:02","modified_gmt":"2026-02-14T15:06:02","slug":"yourtes","status":"publish","type":"page","link":"https:\/\/nomad-adilkhan.com\/index.php\/yourtes\/","title":{"rendered":"Yourtes"},"content":{"rendered":"<p><\/p>\r\n<p><\/p>\r\n<figure id=\"attachment_212\" class=\"wp-caption alignleft\" style=\"width: 277px;\"><a href=\"https:\/\/nomad-adilkhan.com\/wp-content\/uploads\/2026\/02\/G204700-scaled.jpg\"><img loading=\"lazy\" decoding=\"async\" class=\"alignnone size-medium wp-image-288\" src=\"https:\/\/nomad-adilkhan.com\/wp-content\/uploads\/2026\/02\/G204700-300x199.jpg\" alt=\"\" width=\"300\" height=\"199\" srcset=\"https:\/\/nomad-adilkhan.com\/wp-content\/uploads\/2026\/02\/G204700-300x199.jpg 300w, https:\/\/nomad-adilkhan.com\/wp-content\/uploads\/2026\/02\/G204700-1024x680.jpg 1024w, https:\/\/nomad-adilkhan.com\/wp-content\/uploads\/2026\/02\/G204700-768x510.jpg 768w, https:\/\/nomad-adilkhan.com\/wp-content\/uploads\/2026\/02\/G204700-1536x1020.jpg 1536w, https:\/\/nomad-adilkhan.com\/wp-content\/uploads\/2026\/02\/G204700-2048x1361.jpg 2048w\" sizes=\"auto, (max-width: 300px) 100vw, 300px\" \/><\/a><br \/>\r\n<figcaption class=\"wp-caption-text\">yourte nomade Mongolie<\/figcaption>\r\n<\/figure>\r\n<p class=\"wp-block-paragraph\"><strong><span style=\"color: #993300;\">La YOURTE mongole a travers\u00e9e\u00a0 les si\u00e8cles immuablement.<\/span><\/strong><\/p>\r\n<p>Dans ces contr\u00e9es lointaines elle s\u2019est impos\u00e9e ici ou ailleurs comme \u00e9tant\u00a0 un habitat nomade \u00e9cologique, un mode et une philosophie de vie.<\/p>\r\n<p>Pouvant s\u2019adapter \u00e0 notre \u00e9poque dans le soucis de se r\u00e9approprier l\u2019espace naturel.<\/p>\r\n<p>Pour un co\u00fbt raisonnable, elle est choisie pour \u00e9voluer soit personnellement: habitation principale, extension d\u2019espace de vie\u2026) soit professionnellement (salon de soins alternatifs, massages, yoga, location, gites, stage, restauration \u2026).<\/p>\r\n<h6 style=\"text-align: center;\"><span class=\"color_28\">Apr\u00e8s avoir import\u00e9 des yourtes de Mongolie depuis le d\u00e9but des ann\u00e9e 2000, \u00ab\u00a0ADILKHAN\u00a0\u00bb s\u2019est lanc\u00e9 en France dans la construction de yourtes artisanales en 2017. Ceci afin d\u2019\u00e9viter, entre autre, l\u2019impact n\u00e9gatif \u00e9cologique li\u00e9 au transport maritime etc\u2026<\/span><\/h6>\r\n<p><a href=\"https:\/\/nomad-adilkhan.com\/wp-content\/uploads\/2026\/02\/IMG_20170920_150351-scaled.jpg\"><img loading=\"lazy\" decoding=\"async\" class=\"size-medium wp-image-290 alignright\" src=\"https:\/\/nomad-adilkhan.com\/wp-content\/uploads\/2026\/02\/IMG_20170920_150351-300x225.jpg\" alt=\"\" width=\"300\" height=\"225\" srcset=\"https:\/\/nomad-adilkhan.com\/wp-content\/uploads\/2026\/02\/IMG_20170920_150351-300x225.jpg 300w, https:\/\/nomad-adilkhan.com\/wp-content\/uploads\/2026\/02\/IMG_20170920_150351-1024x768.jpg 1024w, https:\/\/nomad-adilkhan.com\/wp-content\/uploads\/2026\/02\/IMG_20170920_150351-768x576.jpg 768w, https:\/\/nomad-adilkhan.com\/wp-content\/uploads\/2026\/02\/IMG_20170920_150351-1536x1152.jpg 1536w, https:\/\/nomad-adilkhan.com\/wp-content\/uploads\/2026\/02\/IMG_20170920_150351-2048x1536.jpg 2048w\" sizes=\"auto, (max-width: 300px) 100vw, 300px\" \/><\/a><\/p>\r\n<p><span class=\"color_28\">Nous avons d\u00e9cider gr\u00e2ce au savoir faire d\u2019un jeune mongol, de mettre \u00e0 profit ses connaissances pour fabriquer nos yourtes en \u00e9quipe Franco-mongole<br \/><\/span><\/p>\r\n<p><span class=\"color_28\">\u00a0Install\u00e9e dans le sud ouest notre association se concentre actuellement dans la proposition \u00e0 la vente de yourte sur mesure, avec le bois de la r\u00e9gion Occitanie, (ch\u00eane, ch\u00e2taignier, fr\u00eane m\u00e9l\u00e8ze, suivant les parties de la yourte et le bois disponible sec et de bonne qualit\u00e9, avec le moins de n\u0153uds possibles).<br \/><\/span><\/p>\r\n<p><span class=\"color_28\">Nous assurons aussi le suivi dans les r\u00e9paration ou relooking des yourtes anciennes ou contemporaines, avec toutes les pi\u00e8ces d\u00e9tach\u00e9es (toiles bois feutre)\u00a0 avec des mat\u00e9riaux sur mesure de qualit\u00e9, en harmonie avec l\u2019\u00e9thique d\u2019\u00e9cohabitat.<br \/><\/span><\/p>\r\n<p><\/p>\r\n<p><\/p>\r\n<p class=\"wp-block-paragraph\" style=\"text-align: center;\"><em>Une attention particuli\u00e8re sur la finition que cela soit dans la structure en bois, la fabrication des toiles ou des feutres font l\u2019originalit\u00e9 de nos produit de par leur qualit\u00e9 et de par l\u2019esth\u00e9tique.<\/em><\/p>\r\n<p><span class=\"color_28\">\u00a0<\/span><\/p>\r\n<figure id=\"attachment_215\" class=\"wp-caption alignright\" style=\"width: 300px;\"><a href=\"https:\/\/nomad-adilkhan.com\/wp-content\/uploads\/2026\/02\/38705694_2089356344408784_5672877058930245632_n-1.jpg\"><img loading=\"lazy\" decoding=\"async\" class=\"alignnone size-medium wp-image-291\" src=\"https:\/\/nomad-adilkhan.com\/wp-content\/uploads\/2026\/02\/38705694_2089356344408784_5672877058930245632_n-1-300x225.jpg\" alt=\"\" width=\"300\" height=\"225\" srcset=\"https:\/\/nomad-adilkhan.com\/wp-content\/uploads\/2026\/02\/38705694_2089356344408784_5672877058930245632_n-1-300x225.jpg 300w, https:\/\/nomad-adilkhan.com\/wp-content\/uploads\/2026\/02\/38705694_2089356344408784_5672877058930245632_n-1-768x576.jpg 768w, https:\/\/nomad-adilkhan.com\/wp-content\/uploads\/2026\/02\/38705694_2089356344408784_5672877058930245632_n-1.jpg 960w\" sizes=\"auto, (max-width: 300px) 100vw, 300px\" \/><\/a><br \/>\r\n<figcaption class=\"wp-caption-text\">2018 Restauration Yourte Fabrication Franco-Mongole 7murs 50m\u00b2<\/figcaption>\r\n<\/figure>\r\n<p>En gardant la tradition mill\u00e9naire Mongol, nous nous adaptons \u00e0 la demande suivant votre projet.<\/p>\r\n<p><\/p>\r\n<p><\/p>\r\n<p class=\"wp-block-paragraph\"><\/p>\r\n<p><\/p>\r\n<p class=\"wp-block-paragraph\"><\/p>\r\n<p><\/p>\r\n<p class=\"wp-block-paragraph\"><em>Pour avoir une id\u00e9e, actuellement, sortie de nos ateliers:<\/em><\/p>\r\n<p><em> Pour une yourte 5 murs 1 porte 1M70 de hauteur et de murs, 28m\u00b2 au sol, structure bois naturel, trait\u00e9 huile de lin, ch\u00eane et ch\u00e2taignier, \u00e9quip\u00e9e d\u2019une toile int\u00e9rieure coton, d\u2019une isolation de feutre chanvre ou mouton, et d\u2019une toile ext\u00e9rieure 3i 540g.<\/em><\/p>\r\n<p><em><strong>tarifs de base TTC: \u00e0 partir de 8800\u20ac<\/strong> la livraison en sus, ou \u00e0 venir chercher dans la r\u00e9gion Toulousaine. Possibilit\u00e9 de montage sur un plancher pr\u00e9par\u00e9 par vous m\u00eame avec d\u00e9fraiement suivant la distance \u00e0 pr\u00e9ciser selon le cas.<\/em><\/p>\r\n<p class=\"featured\" style=\"text-align: center; font-size: 1.2rem;\"><a class=\"waves-effect waves-light btn-large\" href=\"https:\/\/nomad-adilkhan.com\/index.php\/yourtes\/commande\/\">VOIR NOTRE GRILLE DE TARIF<\/a> pour les diff\u00e9rentes bases de tailles de yourte<\/p>\r\n<p style=\"text-align: center;\">Un devis pr\u00e9cis vous sera \u00e9tabli avant toute commande.<\/p>\r\n<p>&nbsp;<\/p>\r\n<p>&nbsp;<\/p>\r\n<p><\/p>\r\n<p><\/p>\r\n<p class=\"wp-block-paragraph\">&nbsp;<\/p>\r\n<p><\/p>\r\n<p><\/p>\r\n<p class=\"wp-block-paragraph\">&nbsp;<\/p>\r\n<p><\/p>\r\n<p><\/p>\r\n<p class=\"wp-block-paragraph\">&nbsp;<\/p>\r\n<p><\/p>","protected":false},"excerpt":{"rendered":"<p>yourte nomade Mongolie La YOURTE mongole a travers\u00e9e\u00a0 les si\u00e8cles immuablement. Dans ces contr\u00e9es lointaines elle s\u2019est impos\u00e9e ici ou ailleurs comme \u00e9tant\u00a0 un habitat nomade \u00e9cologique, un mode et une philosophie de vie. Pouvant s\u2019adapter \u00e0 notre \u00e9poque dans le soucis de se r\u00e9approprier l\u2019espace naturel. Pour un co\u00fbt raisonnable, elle est choisie pour &hellip; <a href=\"https:\/\/nomad-adilkhan.com\/index.php\/yourtes\/\" class=\"more-link\">Continuer la lecture de <span class=\"screen-reader-text\">Yourtes<\/span> <span class=\"meta-nav\">&rarr;<\/span><\/a><\/p>\n","protected":false},"author":1,"featured_media":25,"parent":0,"menu_order":10,"comment_status":"closed","ping_status":"open","template":"","meta":{"_crdt_document":"","footnotes":""},"class_list":["post-2","page","type-page","status-publish","has-post-thumbnail","hentry"],"_links":{"self":[{"href":"https:\/\/nomad-adilkhan.com\/index.php\/wp-json\/wp\/v2\/pages\/2","targetHints":{"allow":["GET"]}}],"collection":[{"href":"https:\/\/nomad-adilkhan.com\/index.php\/wp-json\/wp\/v2\/pages"}],"about":[{"href":"https:\/\/nomad-adilkhan.com\/index.php\/wp-json\/wp\/v2\/types\/page"}],"author":[{"embeddable":true,"href":"https:\/\/nomad-adilkhan.com\/index.php\/wp-json\/wp\/v2\/users\/1"}],"replies":[{"embeddable":true,"href":"https:\/\/nomad-adilkhan.com\/index.php\/wp-json\/wp\/v2\/comments?post=2"}],"version-history":[{"count":6,"href":"https:\/\/nomad-adilkhan.com\/index.php\/wp-json\/wp\/v2\/pages\/2\/revisions"}],"predecessor-version":[{"id":293,"href":"https:\/\/nomad-adilkhan.com\/index.php\/wp-json\/wp\/v2\/pages\/2\/revisions\/293"}],"wp:featuredmedia":[{"embeddable":true,"href":"https:\/\/nomad-adilkhan.com\/index.php\/wp-json\/wp\/v2\/media\/25"}],"wp:attachment":[{"href":"https:\/\/nomad-adilkhan.com\/index.php\/wp-json\/wp\/v2\/media?parent=2"}],"curies":[{"name":"wp","href":"https:\/\/api.w.org\/{rel}","templated":true}]}}