{"id":36,"date":"2026-02-11T23:46:15","date_gmt":"2026-02-11T23:46:15","guid":{"rendered":"https:\/\/nomad-adilkhan.com\/?page_id=36"},"modified":"2026-02-12T00:51:11","modified_gmt":"2026-02-12T00:51:11","slug":"adilkhan-association-solidarite-asie","status":"publish","type":"page","link":"https:\/\/nomad-adilkhan.com\/index.php\/adilkhan-association-solidarite-asie\/","title":{"rendered":"ADILKHAN"},"content":{"rendered":"\r\n<h2><img loading=\"lazy\" decoding=\"async\" class=\"size-medium wp-image-12 aligncenter\" src=\"https:\/\/nomad-adilkhan.com\/wp-content\/uploads\/2026\/02\/logo-300x256.png\" alt=\"\" width=\"300\" height=\"256\" srcset=\"https:\/\/nomad-adilkhan.com\/wp-content\/uploads\/2026\/02\/logo-300x256.png 300w, https:\/\/nomad-adilkhan.com\/wp-content\/uploads\/2026\/02\/logo.png 586w\" sizes=\"auto, (max-width: 300px) 100vw, 300px\" \/><\/h2>\r\n<h2>L\u2019association<\/h2>\r\n<p class=\"wp-block-paragraph\">\u00a0 <span style=\"color: #993300;\">ADILKHAN a \u00e9t\u00e9 cr\u00e9e en 2004 suite aux voyages de randonn\u00e9e \u00e0 cheval au long cours depuis 2001<\/span> L\u2019association a pour but de d\u00e9velopper,\u00a0 pour la Mongolie, le N\u00e9pal, pour le Tibet, et ailleurs par la suite, une aide personnalis\u00e9e aux populations asiatiques et occidentales, par un \u00e9change de connaissances pluriculturelles, sociales et artisanales (nomadisme, red\u00e9couverte d\u2019habitat naturel, s\u00e9jour \u00ab immersions avec le peuple nomade \u00bb, informations sur la dignit\u00e9 et le respect des droits de l\u2019homme, parrainages, fabrications locales, vente d\u2019artisanat \u2026 ), en coop\u00e9ration avec d\u2019autres associations concern\u00e9es vers les m\u00eame centres d\u2019int\u00e9r\u00eats, entre la France et les pays concern\u00e9s par les actions de l\u2019association <img loading=\"lazy\" decoding=\"async\" class=\"wp-image-330 aligncenter\" src=\"https:\/\/web.archive.org\/web\/20220205050243im_\/http:\/\/nomad-adilkhan.com\/wp-content\/uploads\/2018\/10\/bg_voyage2-300x57.jpg\" sizes=\"auto, (max-width: 667px) 100vw, 667px\" srcset=\"https:\/\/web.archive.org\/web\/20220205050243im_\/http:\/\/nomad-adilkhan.com\/wp-content\/uploads\/2018\/10\/bg_voyage2-300x57.jpg 300w, https:\/\/web.archive.org\/web\/20220205050243im_\/http:\/\/nomad-adilkhan.com\/wp-content\/uploads\/2018\/10\/bg_voyage2-768x146.jpg 768w, https:\/\/web.archive.org\/web\/20220205050243im_\/http:\/\/nomad-adilkhan.com\/wp-content\/uploads\/2018\/10\/bg_voyage2-1024x195.jpg 1024w, https:\/\/web.archive.org\/web\/20220205050243im_\/http:\/\/nomad-adilkhan.com\/wp-content\/uploads\/2018\/10\/bg_voyage2.jpg 1575w\" alt=\"\" width=\"667\" height=\"127\" \/><\/p>\r\n\r\n\r\n\r\n<p class=\"wp-block-paragraph\">Apr\u00e8s une longue exp\u00e9rience v\u00e9cue aupr\u00e8s des peuples de la steppe mongole, avec l\u2019organisation de nombreuses exp\u00e9ditions \u00e0 cheval et en 4\u00d74, \u00ab\u00a0Adilkhan\u00a0\u00bb cr\u00e9e en 2004 son association 1901 en France et \u00ab\u00a0Nomad-Adilkhan\u00a0\u00bb petite entreprise mongole cr\u00e9e en 2007. Elles sont n\u00e9es de l\u2019amiti\u00e9 franco mongole, et de la demande en France et en Mongolie, d\u2019\u00e9tablir une connexion entre les deux pays. <img loading=\"lazy\" decoding=\"async\" class=\"size-medium wp-image-250 aligncenter\" src=\"https:\/\/web.archive.org\/web\/20220205050243im_\/http:\/\/nomad-adilkhan.com\/wp-content\/uploads\/2018\/10\/G201126-3-300x199.jpg\" sizes=\"auto, (max-width: 300px) 100vw, 300px\" srcset=\"https:\/\/web.archive.org\/web\/20220205050243im_\/http:\/\/nomad-adilkhan.com\/wp-content\/uploads\/2018\/10\/G201126-3-300x199.jpg 300w, https:\/\/web.archive.org\/web\/20220205050243im_\/http:\/\/nomad-adilkhan.com\/wp-content\/uploads\/2018\/10\/G201126-3-768x510.jpg 768w, https:\/\/web.archive.org\/web\/20220205050243im_\/http:\/\/nomad-adilkhan.com\/wp-content\/uploads\/2018\/10\/G201126-3-1024x680.jpg 1024w\" alt=\"\" width=\"300\" height=\"199\" \/><\/p>\r\n\r\n\r\n\r\n\r\n\r\n\r\n\r\n<p class=\"wp-block-paragraph\" style=\"text-align: center;\">Ces 15 derni\u00e8res ann\u00e9es La YOURTE Mongole est arriv\u00e9e en France par train et bateau.\u00a0 Ce qui a permis de travailler en solidarit\u00e9 avec le peuple mongol en proposant alors ici en France un habitat mobile, sain, fabriqu\u00e9e sur place en Mongolie, de mani\u00e8re consciencieuse et traditionnelle en collaboration directe avec des professionnels mongols.<\/p>\r\n\r\n\r\n\r\n<h5>Depuis 2017 nous fabriquons les Yourtes conforts en France.<\/h5>\r\n<h3 style=\"text-align: center;\">VOIR LA PAGE YOURTE<\/h3>\r\n<p class=\"wp-block-paragraph\"><span style=\"color: #993300;\">ARTISANATS<\/span> Nous nous sommes sp\u00e9cialis\u00e9s depuis une dizaine d\u2019ann\u00e9es avec les articles en laines de Chameaux, Yack ou mouton (chaussettes genouill\u00e8res gants ch\u00e2les\u2026), sacs brod\u00e9s, peinture originale, divers objets et v\u00eatements traditionnels mongols et n\u00e9palais de qualit\u00e9, en association avec d\u2019autres associations de la r\u00e9gion Midi Pyr\u00e9n\u00e9es , dans un univers joyeux et color\u00e9s, en \u00e9tant en contact direct avec les producteurs. Nous avons \u00e9t\u00e9 pr\u00e9sents pendant ces 8 derni\u00e8res ann\u00e9es sur le march\u00e9 solidaire de Toulouse \u00e0 Arnaud Bernard puis aux all\u00e9es Jules Guesde (avec une de nos yourtes \u00e0 la p\u00e9riodes des f\u00eates de fin d\u2019ann\u00e9e.)<\/p>\r\n<h6 style=\"text-align: center;\"><span style=\"color: #993300;\">Nous nous d\u00e9pla\u00e7ons sur devis pour toutes activit\u00e9s \u00e9v\u00e8nementielles, restauration d\u2019Asie, en collectivit\u00e9 avec ou sans une yourte, avec animation autour de la yourte et ou sur la culture mongole Tib\u00e9taine ou N\u00e9palaise sur le nomadisme , et avec la vente d\u2019artisanat\u2026)<\/span><\/h6>\r\n<p><img loading=\"lazy\" decoding=\"async\" class=\"size-medium wp-image-39 aligncenter\" src=\"https:\/\/web.archive.org\/web\/20220205050243im_\/http:\/\/nomad-adilkhan.com\/wp-content\/uploads\/2018\/10\/G207799-300x199.jpg\" sizes=\"auto, (max-width: 300px) 100vw, 300px\" srcset=\"https:\/\/web.archive.org\/web\/20220205050243im_\/http:\/\/nomad-adilkhan.com\/wp-content\/uploads\/2018\/10\/G207799-300x199.jpg 300w, https:\/\/web.archive.org\/web\/20220205050243im_\/http:\/\/nomad-adilkhan.com\/wp-content\/uploads\/2018\/10\/G207799-768x510.jpg 768w, https:\/\/web.archive.org\/web\/20220205050243im_\/http:\/\/nomad-adilkhan.com\/wp-content\/uploads\/2018\/10\/G207799.jpg 820w\" alt=\"\" width=\"300\" height=\"199\" \/><\/p>\r\n\r\n\r\n\r\n\r\n\r\n<p class=\"wp-block-paragraph\" style=\"text-align: center;\">Association \u00ab ADILKHAN \u00bb Asie Solidarit\u00e9 LES GRANGES 82500 SERIGNAC n\u00b0Siret: 513 811 620 00014<\/p>\r\n","protected":false},"excerpt":{"rendered":"<p>L\u2019association \u00a0 ADILKHAN a \u00e9t\u00e9 cr\u00e9e en 2004 suite aux voyages de randonn\u00e9e \u00e0 cheval au long cours depuis 2001 L\u2019association a pour but de d\u00e9velopper,\u00a0 pour la Mongolie, le N\u00e9pal, pour le Tibet, et ailleurs par la suite, une aide personnalis\u00e9e aux populations asiatiques et occidentales, par un \u00e9change de connaissances pluriculturelles, sociales et &hellip; <a href=\"https:\/\/nomad-adilkhan.com\/index.php\/adilkhan-association-solidarite-asie\/\" class=\"more-link\">Continuer la lecture de <span class=\"screen-reader-text\">ADILKHAN<\/span> <span class=\"meta-nav\">&rarr;<\/span><\/a><\/p>\n","protected":false},"author":1,"featured_media":0,"parent":0,"menu_order":3,"comment_status":"closed","ping_status":"closed","template":"","meta":{"_crdt_document":"","footnotes":""},"class_list":["post-36","page","type-page","status-publish","hentry"],"_links":{"self":[{"href":"https:\/\/nomad-adilkhan.com\/index.php\/wp-json\/wp\/v2\/pages\/36","targetHints":{"allow":["GET"]}}],"collection":[{"href":"https:\/\/nomad-adilkhan.com\/index.php\/wp-json\/wp\/v2\/pages"}],"about":[{"href":"https:\/\/nomad-adilkhan.com\/index.php\/wp-json\/wp\/v2\/types\/page"}],"author":[{"embeddable":true,"href":"https:\/\/nomad-adilkhan.com\/index.php\/wp-json\/wp\/v2\/users\/1"}],"replies":[{"embeddable":true,"href":"https:\/\/nomad-adilkhan.com\/index.php\/wp-json\/wp\/v2\/comments?post=36"}],"version-history":[{"count":3,"href":"https:\/\/nomad-adilkhan.com\/index.php\/wp-json\/wp\/v2\/pages\/36\/revisions"}],"predecessor-version":[{"id":59,"href":"https:\/\/nomad-adilkhan.com\/index.php\/wp-json\/wp\/v2\/pages\/36\/revisions\/59"}],"wp:attachment":[{"href":"https:\/\/nomad-adilkhan.com\/index.php\/wp-json\/wp\/v2\/media?parent=36"}],"curies":[{"name":"wp","href":"https:\/\/api.w.org\/{rel}","templated":true}]}}