{"id":40,"date":"2026-02-11T23:47:06","date_gmt":"2026-02-11T23:47:06","guid":{"rendered":"https:\/\/nomad-adilkhan.com\/?page_id=40"},"modified":"2026-02-14T14:59:13","modified_gmt":"2026-02-14T14:59:13","slug":"qui-sommes-nous","status":"publish","type":"page","link":"https:\/\/nomad-adilkhan.com\/index.php\/qui-sommes-nous\/","title":{"rendered":"Qui sommes-nous ?"},"content":{"rendered":"<div class=\"wp-block-image\">\n<figure class=\"alignleft size-full\"><img loading=\"lazy\" decoding=\"async\" width=\"127\" height=\"216\" src=\"https:\/\/nomad-adilkhan.com\/wp-content\/uploads\/2026\/02\/tara.gif\" alt=\"\" class=\"wp-image-234\"\/><\/figure>\n<\/div>\n\n\n<p class=\"wp-block-paragraph\"><\/p>\n\n\n\n<p class=\"wp-block-paragraph\">LES VOYAGES<\/p>\n\n\n\n<p class=\"wp-block-paragraph\">Depuis 2001 avec l\u2019organisation de longues exp\u00e9ditions au coeur du pays avec les familles&nbsp; et \u00e9leveurs rencontr\u00e9s, nous nous sommes sp\u00e9cialis\u00e9 sur le terrain Mongol.<\/p>\n\n\n\n<p class=\"wp-block-paragraph\">Vous d\u00e9sirez partir en Mongolie, vous r\u00eavez de grands espaces et de conna\u00eetre les diverses peuplades et descendants de l\u2019\u00e9pop\u00e9e de Chenggis Khan?<\/p>\n\n\n\n<p class=\"wp-block-paragraph\"><span class=\"nomad\">Nomad-Adilkhan<\/span> vous invite \u00e0 d\u00e9couvrir le pays, la culture, la beaut\u00e9 de la nature pr\u00e9serv\u00e9e et la richesse d\u2019une population \u00e0 l\u2019\u00e9chelle d\u2019une dimension humaine exceptionnelle. Dans un contexte chaleureux et ouvert \u00e0 l\u2019\u00e9change des connaissances des diff\u00e9rentes cultures, nous sommes l\u00e0 pour vous convier \u00e0 vivre des moments inoubliables .<\/p>\n\n\n\n<p class=\"wp-block-paragraph\">Depuis le d\u00e9but des ann\u00e9es 2000, nous organisons des s\u00e9jours \u00e0 travers la Mongolie. L\u2019amiti\u00e9 et le savoir faire d\u2019un Mongol et d\u2019une Fran\u00e7aise ont permis de cr\u00e9er:<\/p>\n\n\n\n<p class=\"wp-block-paragraph\"><span class=\"nomad\">NOMAD-ADILKHAN<\/span>, petite agence Franco-Mongole. Nous vous proposons des <em>SEJOURS A LA CARTE, DES CIRCUITS ORGANISES avec vous<\/em> en petit groupe.<\/p>\n\n\n<div class=\"wp-block-image\">\n<figure class=\"alignright size-full\"><img loading=\"lazy\" decoding=\"async\" width=\"309\" height=\"124\" src=\"https:\/\/nomad-adilkhan.com\/wp-content\/uploads\/2026\/02\/peinture1.jpg\" alt=\"\" class=\"wp-image-238\" srcset=\"https:\/\/nomad-adilkhan.com\/wp-content\/uploads\/2026\/02\/peinture1.jpg 309w, https:\/\/nomad-adilkhan.com\/wp-content\/uploads\/2026\/02\/peinture1-300x120.jpg 300w\" sizes=\"auto, (max-width: 309px) 100vw, 309px\" \/><\/figure>\n<\/div>\n\n\n<p class=\"wp-block-paragraph\"><\/p>\n\n\n\n<p class=\"wp-block-paragraph\">Afin que vous puissiez profiter pleinement de votre voyage, dans des conditions \u00e0 la hauteur de vos esp\u00e9rances, nous travaillons dans un esprit de convivialit\u00e9, de respect mutuel des cultures avec le s\u00e9rieux de professionnels exp\u00e9riment\u00e9s et attentifs a vos besoins, nous sommes pr\u00eat \u00e0 \u00e9couter et \u00e0 rendre r\u00e9alisable vos r\u00eaves dans ce fabuleux pays.<\/p>\n\n\n<div class=\"wp-block-image\">\n<figure class=\"alignleft size-full\"><img loading=\"lazy\" decoding=\"async\" width=\"320\" height=\"240\" src=\"https:\/\/nomad-adilkhan.com\/wp-content\/uploads\/2026\/02\/qui.jpg\" alt=\"\" class=\"wp-image-235\" srcset=\"https:\/\/nomad-adilkhan.com\/wp-content\/uploads\/2026\/02\/qui.jpg 320w, https:\/\/nomad-adilkhan.com\/wp-content\/uploads\/2026\/02\/qui-300x225.jpg 300w\" sizes=\"auto, (max-width: 320px) 100vw, 320px\" \/><\/figure>\n<\/div>\n\n\n<p class=\"wp-block-paragraph\">Nos \u00e9quipes mongoles vous permettent de sillonner la Mongolie \u00e0 travers ses vastes \u00e9tendues semi d\u00e9sertiques et ses merveilleuses steppes dans le style de la vie nomade proche des habitants et de leur hospitalit\u00e9 inoubliable. A cheval, en 4\u00d74 et ou en marchant\u2026 ou en se posant.<\/p>\n\n\n\n<p class=\"wp-block-paragraph\">&nbsp;<\/p>\n\n\n\n<p class=\"wp-block-paragraph\">&nbsp;<\/p>\n\n\n\n<p class=\"wp-block-paragraph\">LES YOURTES<\/p>\n\n\n\n<p class=\"wp-block-paragraph\">Apr\u00e8s avoir fait fabriqu\u00e9 des yourtes en Mongolie et les avoir exporter vers la France ces 15 derni\u00e8res ann\u00e9es, tout en conservant le savoir faire Mongol, en 2017 <span class=\"color_28\">\u00ab&nbsp;ADILKHAN&nbsp;\u00bb s\u2019est lanc\u00e9 en France dans la construction de yourtes artisanales en \u00e9quipe Franco-Mongole<br>\n<\/span><\/p>\n\n\n<div class=\"wp-block-image\">\n<figure class=\"alignright size-large is-resized\"><img loading=\"lazy\" decoding=\"async\" width=\"1024\" height=\"680\" src=\"https:\/\/nomad-adilkhan.com\/wp-content\/uploads\/2026\/02\/G201366-1024x680.jpg\" alt=\"\" class=\"wp-image-236\" style=\"aspect-ratio:1.5058623159958222;width:315px;height:auto\" srcset=\"https:\/\/nomad-adilkhan.com\/wp-content\/uploads\/2026\/02\/G201366-1024x680.jpg 1024w, https:\/\/nomad-adilkhan.com\/wp-content\/uploads\/2026\/02\/G201366-300x199.jpg 300w, https:\/\/nomad-adilkhan.com\/wp-content\/uploads\/2026\/02\/G201366-768x510.jpg 768w, https:\/\/nomad-adilkhan.com\/wp-content\/uploads\/2026\/02\/G201366-1536x1020.jpg 1536w, https:\/\/nomad-adilkhan.com\/wp-content\/uploads\/2026\/02\/G201366-2048x1361.jpg 2048w\" sizes=\"auto, (max-width: 1024px) 100vw, 1024px\" \/><\/figure>\n<\/div>\n\n\n<p class=\"wp-block-paragraph\"><span class=\"color_28\"> Install\u00e9e dans le sud ouest, notre association se concentre actuellement dans la proposition \u00e0 la vente de yourte sur mesure, de suivi avec toutes les pi\u00e8ces d\u00e9tach\u00e9es&nbsp; toiles ou pi\u00e8ce de bois, isolation feutre, avec des mat\u00e9riaux de qualit\u00e9&nbsp; europ\u00e9ens et aussi local en harmonie avec l\u2019\u00e9thique de l\u2019\u00e9cohabitat en plein d\u00e9veloppement en France.<\/span><\/p>\n\n\n\n<p class=\"wp-block-paragraph\">&nbsp;<\/p>\n\n\n\n<p class=\"has-text-align-center wp-block-paragraph\">Agence franco-mongole Nomad-AdilkhanTourisme, Import-Export solidaires enregistr\u00e9e en MONGOLIE : n\u00b0 d\u2019enregistrement national : 90111086105 n\u00b0 de registre : 5121248<\/p>\n\n\n<div class=\"wp-block-image\">\n<figure class=\"aligncenter size-full\"><img loading=\"lazy\" decoding=\"async\" width=\"140\" height=\"88\" src=\"https:\/\/nomad-adilkhan.com\/wp-content\/uploads\/2026\/02\/logo_s.gif\" alt=\"\" class=\"wp-image-237\"\/><\/figure>\n<\/div>\n\n\n<p class=\"has-text-align-center wp-block-paragraph\">Association 1901 enregistr\u00e9 en France: ADILKHAN&nbsp;\u00bb Asie Solidarit\u00e9 LES GRANGES&nbsp; 82500 SERIGNAC:&nbsp; n\u00b0Siret: 513 811 620 00014 <\/p>\n\n\n\n<p class=\"wp-block-paragraph\">&nbsp;<\/p>\n\n\n\n<div class=\"clearing\"><\/div>\n\n\n\n<p class=\"wp-block-paragraph\"><\/p>\n","protected":false},"excerpt":{"rendered":"<p>LES VOYAGES Depuis 2001 avec l\u2019organisation de longues exp\u00e9ditions au coeur du pays avec les familles&nbsp; et \u00e9leveurs rencontr\u00e9s, nous nous sommes sp\u00e9cialis\u00e9 sur le terrain Mongol. Vous d\u00e9sirez partir en Mongolie, vous r\u00eavez de grands espaces et de conna\u00eetre les diverses peuplades et descendants de l\u2019\u00e9pop\u00e9e de Chenggis Khan? Nomad-Adilkhan vous invite \u00e0 d\u00e9couvrir &hellip; <a href=\"https:\/\/nomad-adilkhan.com\/index.php\/qui-sommes-nous\/\" class=\"more-link\">Continuer la lecture de <span class=\"screen-reader-text\">Qui sommes-nous ?<\/span> <span class=\"meta-nav\">&rarr;<\/span><\/a><\/p>\n","protected":false},"author":1,"featured_media":7,"parent":0,"menu_order":0,"comment_status":"closed","ping_status":"closed","template":"","meta":{"_crdt_document":"","footnotes":""},"class_list":["post-40","page","type-page","status-publish","has-post-thumbnail","hentry"],"_links":{"self":[{"href":"https:\/\/nomad-adilkhan.com\/index.php\/wp-json\/wp\/v2\/pages\/40","targetHints":{"allow":["GET"]}}],"collection":[{"href":"https:\/\/nomad-adilkhan.com\/index.php\/wp-json\/wp\/v2\/pages"}],"about":[{"href":"https:\/\/nomad-adilkhan.com\/index.php\/wp-json\/wp\/v2\/types\/page"}],"author":[{"embeddable":true,"href":"https:\/\/nomad-adilkhan.com\/index.php\/wp-json\/wp\/v2\/users\/1"}],"replies":[{"embeddable":true,"href":"https:\/\/nomad-adilkhan.com\/index.php\/wp-json\/wp\/v2\/comments?post=40"}],"version-history":[{"count":3,"href":"https:\/\/nomad-adilkhan.com\/index.php\/wp-json\/wp\/v2\/pages\/40\/revisions"}],"predecessor-version":[{"id":239,"href":"https:\/\/nomad-adilkhan.com\/index.php\/wp-json\/wp\/v2\/pages\/40\/revisions\/239"}],"wp:featuredmedia":[{"embeddable":true,"href":"https:\/\/nomad-adilkhan.com\/index.php\/wp-json\/wp\/v2\/media\/7"}],"wp:attachment":[{"href":"https:\/\/nomad-adilkhan.com\/index.php\/wp-json\/wp\/v2\/media?parent=40"}],"curies":[{"name":"wp","href":"https:\/\/api.w.org\/{rel}","templated":true}]}}