{"id":85,"date":"2026-02-13T14:38:46","date_gmt":"2026-02-13T14:38:46","guid":{"rendered":"https:\/\/nomad-adilkhan.com\/?page_id=85"},"modified":"2026-02-13T14:39:59","modified_gmt":"2026-02-13T14:39:59","slug":"tarifs","status":"publish","type":"page","link":"https:\/\/nomad-adilkhan.com\/index.php\/yourtes\/tarifs\/","title":{"rendered":"Tarifs"},"content":{"rendered":"<p>&nbsp;<\/p>\n<h2>Tarifs Yourtes 2021-2022<\/h2>\n<div class=\"tarifs-wrap\">\n<div class=\"featured-content\">\n<p>La yourte comfort \u00abAdilkhan\u00bb est livr\u00e9e avec :<\/p>\n<ul>\n<li style=\"list-style-type: none;\">\n<ul>\n<li>L\u2019ossature (treillis, toono, perches, piliers) en ch\u00eane, ch\u00e2taigner, fr\u00eane et m\u00e9l\u00e8ze<\/li>\n<\/ul>\n<\/li>\n<\/ul>\n<ul>\n<li>La porte en ch\u00eane, vitr\u00e9e sur les 2 cot\u00e9s<\/li>\n<li>La toile ext\u00e9rieure 3i polycoton avec jupe en PVC<\/li>\n<li>Le chapeau toile et cristal<\/li>\n<li>Les cordes et sangles<\/li>\n<li>L\u2019isolation en feutre de laines de mouton<\/li>\n<li>La doublure int\u00e9rieure en toile 100%coton<\/li>\n<\/ul>\n<\/div>\n<table>\n<tbody>\n<tr>\n<th width=\"94\">Nombre de murs<br \/>\net diam\u00e8tres<\/th>\n<th width=\"77\">Surface m\u00b2<\/th>\n<th width=\"82\">Hauteur des murs<\/th>\n<th class=\"tdprice\" width=\"85\">Tarifs TTC<\/th>\n<\/tr>\n<tr>\n<td width=\"94\"><span class=\"murs\">4 murs<\/span><br \/>\n<span class=\"diametre\">5 metres<\/span><\/td>\n<td width=\"&quot;77\"><span class=\"surface\">20m\u00b2<\/span><\/td>\n<td width=\"&quot;82\"><span class=\"hauteur\">160cm<\/span><\/td>\n<td class=\"tdprice\" width=\"85\"><span class=\"price\">7200,00 \u20ac<\/span><\/td>\n<\/tr>\n<tr>\n<td width=\"94\"><span class=\"murs\">5 murs<\/span><br \/>\n<span class=\"diametre\">6 metres<\/span><\/td>\n<td width=\"77\"><span class=\"surface\">28m\u00b2<\/span><\/td>\n<td width=\"82\"><span class=\"hauteur\">170cm<\/span><\/td>\n<td class=\"tdprice\" width=\"85\"><span class=\"price\">8\u00a0800,00 \u20ac<\/span><\/td>\n<\/tr>\n<tr>\n<td width=\"94\"><span class=\"murs\">6 murs<\/span><br \/>\n<span class=\"diametre\">6,80 m\u00e8tres<\/span><\/td>\n<td width=\"77\"><span class=\"surface\">36m\u00b2<\/span><\/td>\n<td width=\"82\"><span class=\"hauteur\">170cm<\/span><\/td>\n<td class=\"tdprice\" width=\"85\"><span class=\"price\">10\u00a0900,00 \u20ac<\/span><\/td>\n<\/tr>\n<tr>\n<td width=\"94\"><span class=\"murs\">7 murs<\/span><br \/>\n<span class=\"diametre\">8 m\u00e8tres<\/span><\/td>\n<td width=\"77\"><span class=\"surface\">50m\u00b2<\/span><\/td>\n<td width=\"82\"><span class=\"hauteur\">180cm<\/span><\/td>\n<td class=\"tdprice\" width=\"85\"><span class=\"price\">13\u00a0900,00 \u20ac<\/span><\/td>\n<\/tr>\n<tr>\n<td width=\"94\"><span class=\"murs\">8 murs<\/span><br \/>\n<span class=\"diametre\">9,20 m\u00e8tres<\/span><\/td>\n<td width=\"77\"><span class=\"surface\">66m\u00b2<\/span><\/td>\n<td width=\"82\"><span class=\"hauteur\">190cm<\/span><\/td>\n<td class=\"tdprice\" width=\"85\"><span class=\"price\">16\u00a0400,00 \u20ac<\/span><\/td>\n<\/tr>\n<tr>\n<td width=\"94\"><span class=\"murs\">10 murs<\/span><br \/>\n<span class=\"diametre\">11 m\u00e9tres<\/span><\/td>\n<td width=\"77\"><span class=\"surface\">95m\u00b2<\/span><\/td>\n<td width=\"82\"><span class=\"hauteur\">210cm<\/span><\/td>\n<td class=\"tdprice\" width=\"85\"><span class=\"price\">Sur demande<\/span><\/td>\n<\/tr>\n<\/tbody>\n<\/table>\n<\/div>\n<h2>TARIFS DE BASE TOILES 2021-2022<\/h2>\n<div class=\"tarifs-wrap\">\n<div class=\"featured-content\">\n<h3>TOILES POLYCOTON 540g\/m2 3i\u00a0 de base, option d\u00e9coration traditionnelle sur devis<\/h3>\n<p><!-- imperm\u00e9able, imputrescible, ignifug\u00e9, avec certificat M2 --><\/p>\n<ul>\n<li>imperm\u00e9able<\/li>\n<li>imputrescible<\/li>\n<li>ignifug\u00e9e<\/li>\n<li>avec certificat M2<\/li>\n<\/ul>\n<\/div>\n<table>\n<tbody>\n<tr>\n<td width=\"99\"><strong>DIAMETRE DE LA YOURTE<\/strong><\/td>\n<th class=\"tdprice\" width=\"100\">TOILE EXTERIEURE STYLE MONGOLE<\/th>\n<\/tr>\n<tr>\n<td width=\"99\">5m<\/td>\n<td class=\"tdprice\" width=\"100\">2350,00 \u20ac TTC<\/td>\n<\/tr>\n<tr>\n<td width=\"99\">6m<\/td>\n<td class=\"tdprice\" width=\"100\">2 750,00 \u20ac TTC<\/td>\n<\/tr>\n<tr>\n<td width=\"99\">7m<\/td>\n<td class=\"tdprice\" width=\"100\">3250,00 \u20ac TTC<\/td>\n<\/tr>\n<tr>\n<td width=\"99\">8m<\/td>\n<td class=\"tdprice\" width=\"100\">3 600,00 \u20ac TTC<\/td>\n<\/tr>\n<\/tbody>\n<\/table>\n<\/div>\n<p>&nbsp;<\/p>\n<p style=\"text-align: center;\"><span class=\"materializer\"><br \/>\n<a class=\"waves-effect waves-light btn-large deep-orange darken-1 white-text\" href=\"\/web\/20220205025829\/http:\/\/nomad-adilkhan.com\/wordpress\/yourtes\/commandes\/\"><br \/>\nCommandes, Demande d\u2019informations <\/a><br \/>\n<\/span><\/p>\n<p>&nbsp;<\/p>\n","protected":false},"excerpt":{"rendered":"<p>&nbsp; Tarifs Yourtes 2021-2022 La yourte comfort \u00abAdilkhan\u00bb est livr\u00e9e avec : L\u2019ossature (treillis, toono, perches, piliers) en ch\u00eane, ch\u00e2taigner, fr\u00eane et m\u00e9l\u00e8ze La porte en ch\u00eane, vitr\u00e9e sur les 2 cot\u00e9s La toile ext\u00e9rieure 3i polycoton avec jupe en PVC Le chapeau toile et cristal Les cordes et sangles L\u2019isolation en feutre de laines &hellip; <a href=\"https:\/\/nomad-adilkhan.com\/index.php\/yourtes\/tarifs\/\" class=\"more-link\">Continuer la lecture de <span class=\"screen-reader-text\">Tarifs<\/span> <span class=\"meta-nav\">&rarr;<\/span><\/a><\/p>\n","protected":false},"author":1,"featured_media":0,"parent":2,"menu_order":13,"comment_status":"closed","ping_status":"closed","template":"","meta":{"_crdt_document":"","footnotes":""},"class_list":["post-85","page","type-page","status-publish","hentry"],"_links":{"self":[{"href":"https:\/\/nomad-adilkhan.com\/index.php\/wp-json\/wp\/v2\/pages\/85","targetHints":{"allow":["GET"]}}],"collection":[{"href":"https:\/\/nomad-adilkhan.com\/index.php\/wp-json\/wp\/v2\/pages"}],"about":[{"href":"https:\/\/nomad-adilkhan.com\/index.php\/wp-json\/wp\/v2\/types\/page"}],"author":[{"embeddable":true,"href":"https:\/\/nomad-adilkhan.com\/index.php\/wp-json\/wp\/v2\/users\/1"}],"replies":[{"embeddable":true,"href":"https:\/\/nomad-adilkhan.com\/index.php\/wp-json\/wp\/v2\/comments?post=85"}],"version-history":[{"count":3,"href":"https:\/\/nomad-adilkhan.com\/index.php\/wp-json\/wp\/v2\/pages\/85\/revisions"}],"predecessor-version":[{"id":88,"href":"https:\/\/nomad-adilkhan.com\/index.php\/wp-json\/wp\/v2\/pages\/85\/revisions\/88"}],"up":[{"embeddable":true,"href":"https:\/\/nomad-adilkhan.com\/index.php\/wp-json\/wp\/v2\/pages\/2"}],"wp:attachment":[{"href":"https:\/\/nomad-adilkhan.com\/index.php\/wp-json\/wp\/v2\/media?parent=85"}],"curies":[{"name":"wp","href":"https:\/\/api.w.org\/{rel}","templated":true}]}}