{"id":94,"date":"2026-02-13T14:48:10","date_gmt":"2026-02-13T14:48:10","guid":{"rendered":"https:\/\/nomad-adilkhan.com\/?page_id=94"},"modified":"2026-02-14T14:54:32","modified_gmt":"2026-02-14T14:54:32","slug":"exemple-de-circuits","status":"publish","type":"page","link":"https:\/\/nomad-adilkhan.com\/index.php\/voyages\/exemple-de-circuits\/","title":{"rendered":"Exemple de circuits"},"content":{"rendered":"<div id=\"content-inner\">\n<div id=\"circuit\" class=\"sejour\">\n<h2>Circuit Desert de Gobi<!--<a href=\"http:\/\/nomad-adilkhan.com\/sejours\/gobi.php\"><\/a>--><\/h2>\n<p><img loading=\"lazy\" decoding=\"async\" class=\"alignleft wp-image-277 size-full\" src=\"https:\/\/nomad-adilkhan.com\/wp-content\/uploads\/2026\/02\/org1.jpg\" alt=\"\" width=\"180\" height=\"124\" \/><\/p>\n<p>Qui n\u2019a pas entendu parler du fameux d\u00e9sert de Gobi ?!? Un des berceaux de l\u2019humanit\u00e9, au sud de la capitale et d\u2019ouest en est, entre les dunes et les \u00ab champs \u00bb infinis de cailloux ces endroits d\u00e9nu\u00e9s de tout superflu vous inspirent \u00e0 la rencontre \u00ab des nomades remarquables \u00bb et \u00e0 la contemplation de la nature si particuli\u00e8re aride et riche de \u00ab rien \u00bb \u2026 tout y est \u2026<\/p>\n<p>&nbsp;<\/p>\n<\/div>\n<div id=\"circuit\" class=\"sejour\">\n<h2>Randonn\u00e9e \u00e9questre Lac Hovsgol<!--<a href=\"http:\/\/nomad-adilkhan.com\/sejours\/hovsgol.php\"><\/a>--><\/h2>\n<p><img loading=\"lazy\" decoding=\"async\" class=\"alignleft wp-image-280 size-full\" src=\"https:\/\/nomad-adilkhan.com\/wp-content\/uploads\/2026\/02\/org2.jpg\" alt=\"\" width=\"180\" height=\"135\" \/><\/p>\n<p>Cette immense \u00e9tendue d\u2019eau de source d\u2019une puret\u00e9 rarissime, situ\u00e9 au nord du pays, est un des joyaux du pays les plus appr\u00e9ci\u00e9 par la diversit\u00e9 de ses paysages. Ce lieu est aussi appel\u00e9 la petite suisse mongole \u2026<\/p>\n<\/div>\n<\/div>\n<p>&nbsp;<\/p>\n<p>&nbsp;<\/p>\n<div id=\"content-inner\">\n<div id=\"circuit\" class=\"sejour\">\n<h2>Visite chez le peuple Kazakh<!--<a href=\"http:\/\/nomad-adilkhan.com\/sejours\/kazakh.php\"><\/a>--><\/h2>\n<p><img loading=\"lazy\" decoding=\"async\" class=\"size-full wp-image-281 alignleft\" src=\"https:\/\/nomad-adilkhan.com\/wp-content\/uploads\/2026\/02\/org3.jpg\" alt=\"\" width=\"180\" height=\"134\" \/><\/p>\n<p>A l\u2019ouest du pays, peuple chasseur, accompagn\u00e9 de leurs aigles et chevauchant leur montures tels des princes, vous pourrez vous impr\u00e9gner de la culture Kazakh et appr\u00e9cier leur accueil chaleureux\u2026<\/p>\n<\/div>\n<\/div>\n<p>&nbsp;<\/p>\n<p>&nbsp;<\/p>\n<div id=\"content-inner\">\n<div id=\"circuit\" class=\"sejour\">\n<h2>P\u00e8lerinage temple bouddhistes<!--<a href=\"http:\/\/nomad-adilkhan.com\/sejours\/temples.php\"><\/a>--><\/h2>\n<p><img loading=\"lazy\" decoding=\"async\" class=\"size-full wp-image-282 alignleft\" src=\"https:\/\/nomad-adilkhan.com\/wp-content\/uploads\/2026\/02\/org4.jpg\" alt=\"\" width=\"181\" height=\"135\" \/><\/p>\n<p>Sur les traces des p\u00e8lerins bouddhistes, de temple en temple, encore indemnes de toute trace d\u2019invasion ou entre ruine et reconstruction active des sites, la magie intemporelle et spirituelle Vous invitent \u00e0 la m\u00e9ditation en toute simplicit\u00e9 du moment pr\u00e9sent propre \u00e0 ces lieux\u2026<\/p>\n<\/div>\n<\/div>\n<p>&nbsp;<\/p>\n<p>&nbsp;<\/p>\n<div id=\"content-inner\">\n<div id=\"circuit\" class=\"sejour\">\n<h2>Circuits ou s\u00e9jours p\u00e9riode hiver<!--<a href=\"http:\/\/nomad-adilkhan.com\/sejours\/hiver.php\"><\/a>--><\/h2>\n<p><img loading=\"lazy\" decoding=\"async\" class=\"size-full wp-image-283 alignleft\" src=\"https:\/\/nomad-adilkhan.com\/wp-content\/uploads\/2026\/02\/org5.jpg\" alt=\"\" width=\"181\" height=\"135\" \/><\/p>\n<p>Le froid sec a parfois son charme malgr\u00e9 la rudesse du climat, les paysages enneig\u00e9es et glac\u00e9s de l\u2019hiver mongol vous r\u00e9v\u00e8lent la profondeur du pays dans son aspect r\u00e9el de la vie du quotidien du peuple mongol en dehors des de la saison touristique habituelle \u2026<\/p>\n<\/div>\n<\/div>\n<p>&nbsp;<\/p>\n<p>&nbsp;<\/p>\n<div id=\"content-inner\">\n<div id=\"circuit\" class=\"sejour\">\n<h2>Petits circuits<!--<a href=\"http:\/\/nomad-adilkhan.com\/sejours\/petits.php\"><\/a>--><\/h2>\n<p><img loading=\"lazy\" decoding=\"async\" class=\"size-full wp-image-281 alignleft\" src=\"https:\/\/nomad-adilkhan.com\/wp-content\/uploads\/2026\/02\/org3.jpg\" alt=\"\" width=\"180\" height=\"134\" \/><\/p>\n<p>Pour circuler et d\u00e9couvrir la Mongolie par petite touche en \u00e9toile en partant d\u2019Ulaan-Bataar, riches et concentr\u00e9s, ces p\u00e9riples de courtes dur\u00e9es initieront le \u00ab plaisir d\u2019\u00eatre \u00bb et le loisir de parcourir les contr\u00e9es lointaines des descendants de Gengis Khan\u2026<\/p>\n<\/div>\n<\/div>\n<div id=\"foot\" class=\"sejours-index\"><\/div>\n","protected":false},"excerpt":{"rendered":"<p>Circuit Desert de Gobi Qui n\u2019a pas entendu parler du fameux d\u00e9sert de Gobi ?!? Un des berceaux de l\u2019humanit\u00e9, au sud de la capitale et d\u2019ouest en est, entre les dunes et les \u00ab champs \u00bb infinis de cailloux ces endroits d\u00e9nu\u00e9s de tout superflu vous inspirent \u00e0 la rencontre \u00ab des nomades remarquables &hellip; <a href=\"https:\/\/nomad-adilkhan.com\/index.php\/voyages\/exemple-de-circuits\/\" class=\"more-link\">Continuer la lecture de <span class=\"screen-reader-text\">Exemple de circuits<\/span> <span class=\"meta-nav\">&rarr;<\/span><\/a><\/p>\n","protected":false},"author":1,"featured_media":0,"parent":10,"menu_order":8,"comment_status":"closed","ping_status":"closed","template":"","meta":{"_crdt_document":"","footnotes":""},"class_list":["post-94","page","type-page","status-publish","hentry"],"_links":{"self":[{"href":"https:\/\/nomad-adilkhan.com\/index.php\/wp-json\/wp\/v2\/pages\/94","targetHints":{"allow":["GET"]}}],"collection":[{"href":"https:\/\/nomad-adilkhan.com\/index.php\/wp-json\/wp\/v2\/pages"}],"about":[{"href":"https:\/\/nomad-adilkhan.com\/index.php\/wp-json\/wp\/v2\/types\/page"}],"author":[{"embeddable":true,"href":"https:\/\/nomad-adilkhan.com\/index.php\/wp-json\/wp\/v2\/users\/1"}],"replies":[{"embeddable":true,"href":"https:\/\/nomad-adilkhan.com\/index.php\/wp-json\/wp\/v2\/comments?post=94"}],"version-history":[{"count":4,"href":"https:\/\/nomad-adilkhan.com\/index.php\/wp-json\/wp\/v2\/pages\/94\/revisions"}],"predecessor-version":[{"id":286,"href":"https:\/\/nomad-adilkhan.com\/index.php\/wp-json\/wp\/v2\/pages\/94\/revisions\/286"}],"up":[{"embeddable":true,"href":"https:\/\/nomad-adilkhan.com\/index.php\/wp-json\/wp\/v2\/pages\/10"}],"wp:attachment":[{"href":"https:\/\/nomad-adilkhan.com\/index.php\/wp-json\/wp\/v2\/media?parent=94"}],"curies":[{"name":"wp","href":"https:\/\/api.w.org\/{rel}","templated":true}]}}